{"id":21252,"date":"2019-10-25T23:38:03","date_gmt":"2019-10-25T21:38:03","guid":{"rendered":"https:\/\/warakteknic.com\/cocinas-cola-carton-ondulado\/"},"modified":"2025-05-14T09:44:36","modified_gmt":"2025-05-14T07:44:36","slug":"cuines-cola-cartro-ondulat","status":"publish","type":"page","link":"https:\/\/warakteknic.com\/ca\/cuines-cola-cartro-ondulat\/","title":{"rendered":"Cuines de cola"},"content":{"rendered":"<div class=\"vgblk-rw-wrapper limit-wrapper\">\n<h1>\n\t\tCuines Modulars\n\t<\/h1>\n\t<p>Les cuines modulars permeten la instal\u00b7laci\u00f3 inicial de l&#8217;equip b\u00e0sic i poder cr\u00e9ixer posteriorment en funci\u00f3 de les necessitats productives.<\/p>\n<h3>\n\tPrestacions\n\t<\/h3>\n\tSom especialistes en la fabricaci\u00f3 de cuines modulars de gran capacitat i molt robustes.\n<h3>\n\t\t\t<a href=\"https:\/\/warakteknic.com\/ca\/software-abierto-para-distintas-formulaciones\/\" title=\"Software Obert\" target=\"_self\" rel=\"noopener\">\n\tSoftware Obert\n\t\t\t<\/a>\n\t<\/h3>\n\tLa cuina est\u00e0 controlada per una plataforma de software obert, molt flexible i oberta als canvis segons les necessitats del client.\n<h3>\n\t\t\t<a href=\"https:\/\/warakteknic.com\/ca\/cocina-cola-control-remoto-formulacion\/\" title=\"Control remot\" target=\"_self\" rel=\"noopener\">\n\tControl remot\n\t\t\t<\/a>\n\t<\/h3>\n\tEl nostre software permet el control remot per ajudar a la resoluci\u00f3 de problemes amb resposta pr\u00e0cticament immediata.\n<p>&nbsp;<\/p>\n\t<p>L&#8217;experi\u00e8ncia de 20 anys aplicant midons a corrugadores ens ha perm\u00e8s dissenyar, fabricar i instal\u00b7lar cuines per a la preparaci\u00f3 de midons a onduladores d&#8217;altes prestacions.<\/p>\n<p>Les cuines de cola que s&#8217;instal\u00b7len es fan amb doble circuit de cua amb possibilitat de treballar amb 2 f\u00f3rmules diferents independentment de la zona (doble encoladora, grups d&#8217;ondular).<\/p>\n<p>Tamb\u00e9 que es pot afegir un 3er circuit exclusiu per a neteja de m\u00e0quina, el que permet per poder netejar la m\u00e0quina en qualsevol moment i a m\u00e9s recuperar aigua que \u00e9s aprofitada per fer cola una altra vegada.<\/p>\n\n<h2>\n\t\t<b>CUINES MODULARS<\/b>\n\t<\/h2>\n\t\t\tCuina modular Standard\n\t\t<ul><li>Motor de 25 Kw amb disc cowless de 300 mm de di\u00e0metre.<\/li><li>Sonda de temperatura.<\/li><li>V\u00e0lvula de vapor<\/li><li>Viscos\u00edmetre<\/li><li>3 c\u00e8l\u00b7lules de c\u00e0rrega a tanc reactor<\/li><li>Circuit de circulaci\u00f3 de l&#8217;adhesiu amb v\u00e0lvules manuals<\/li><\/ul>\n\t\t\tCuina modular Autom\u00e0tica\n\t\t<ul><li>Programari de control remot que permet realitzar preparacions en remot des de la cabina de onduladora.<\/li><li>Possibilitat de realitzar qualsevol tipus de preparaci\u00f3 de mid\u00f3 (manual, Steindhall, per passos, etc).<\/li><li>V\u00e0lvules autom\u00e0tiques per a tot el circuit de mid\u00f3.<\/li><li>Circuit d&#8217;aire comprimit per al buidatge i neteja autom\u00e0tiques de la instal\u00b7laci\u00f3.<\/li><\/ul>\n\t\t\tCuina modular d&#8217;Alta productivitat\n\t\t<ul><li>Programari de control remot que permet realitzar preparacions en remot des de la cabina de onduladora.<\/li><li>Possibilitat de realitzar qualsevol tipus de preparaci\u00f3 de mid\u00f3 (manual, Steindhall, per passos, etc).<\/li><li>V\u00e0lvules autom\u00e0tiques per a tot el circuit de mid\u00f3.<\/li><li>Circuit d&#8217;aire comprimit per al buidatge i neteja autom\u00e0tiques de la instal\u00b7laci\u00f3.<\/li><li>Tancs de magatzem-pulm\u00f3 de 5m3.<\/li><\/ul>\n<h2>\n\t\t<b> CUINES A MIDA <\/ b> \n\t<\/b><\/h2>\n\t<p>El nostre departament d&#8217;enginyeria t\u00e9 la capacitat de realitzar projectes espec\u00edfics segons la necessitat de cada client.<\/p>\n<p>Desenvolupem des de petites instal\u00b7lacions per a contracoladores fins a les onduladores de 400 mpm.<\/p>\n<h5>\n\tCuines de cola modulars\n\t<\/h5>\n\t<h2>Per f\u00e0briques<br \/>\n<strong>de cartr\u00f3 ondulat<\/strong><\/h2>\n\tDissenyem cuines de cola aplicant els darrers avan\u00e7os en innovaci\u00f3 per oferir als nostres clients seguretat, control i m\u00e0xima efici\u00e8ncia en costos.\n<h4>\n\tEfic\u00e0cia i Seguretat\n\t<\/h4>\n\t<p>El nostre software evita situacions an\u00f2males en el funcionament de la cuina, permetent aix\u00ed avan\u00e7ar-se als errors i parades en la producci\u00f3.<\/p>\n<h4>\n\tReducci\u00f3 de costos\n\t<\/h4>\n\t<p>Realitzem dissenys a mida de les seves necessitats, optimitzant l&#8217;\u00fas de recursos en funci\u00f3 de dades reals de producci\u00f3.<\/p>\n<h4>\n\tControl Total\n\t<\/h4>\n\t<p>El nostre software \u00e9s obert i permet afegir qualsevol formulaci\u00f3. A m\u00e9s a m\u00e9s, els ajustos poden fer-se de forma remota.<\/p>\n\n<\/div><!-- .vgblk-rw-wrapper -->","protected":false},"excerpt":{"rendered":"<p>Cuines Modulars Les cuines modulars permeten la instal\u00b7laci\u00f3 inicial de l&#8217;equip b\u00e0sic i poder cr\u00e9ixer posteriorment en funci\u00f3 de les necessitats productives. Prestacions Som especialistes en la fabricaci\u00f3 de cuines modulars de gran capacitat i molt robustes. Software Obert La cuina est\u00e0 controlada per una plataforma de software obert, molt flexible i oberta als canvis&#8230;<\/p>\n","protected":false},"author":1,"featured_media":21229,"parent":0,"menu_order":0,"comment_status":"closed","ping_status":"closed","template":"","meta":{"inline_featured_image":false,"footnotes":""},"_links":{"self":[{"href":"https:\/\/warakteknic.com\/ca\/wp-json\/wp\/v2\/pages\/21252"}],"collection":[{"href":"https:\/\/warakteknic.com\/ca\/wp-json\/wp\/v2\/pages"}],"about":[{"href":"https:\/\/warakteknic.com\/ca\/wp-json\/wp\/v2\/types\/page"}],"author":[{"embeddable":true,"href":"https:\/\/warakteknic.com\/ca\/wp-json\/wp\/v2\/users\/1"}],"replies":[{"embeddable":true,"href":"https:\/\/warakteknic.com\/ca\/wp-json\/wp\/v2\/comments?post=21252"}],"version-history":[{"count":3,"href":"https:\/\/warakteknic.com\/ca\/wp-json\/wp\/v2\/pages\/21252\/revisions"}],"predecessor-version":[{"id":23875,"href":"https:\/\/warakteknic.com\/ca\/wp-json\/wp\/v2\/pages\/21252\/revisions\/23875"}],"wp:featuredmedia":[{"embeddable":true,"href":"https:\/\/warakteknic.com\/ca\/wp-json\/wp\/v2\/media\/21229"}],"wp:attachment":[{"href":"https:\/\/warakteknic.com\/ca\/wp-json\/wp\/v2\/media?parent=21252"}],"curies":[{"name":"wp","href":"https:\/\/api.w.org\/{rel}","templated":true}]}}