{"id":21254,"date":"2019-10-26T00:43:53","date_gmt":"2019-10-25T22:43:53","guid":{"rendered":"https:\/\/warakteknic.com\/almacen-vertical-carton-ondulado\/"},"modified":"2025-05-14T09:40:05","modified_gmt":"2025-05-14T07:40:05","slug":"midons","status":"publish","type":"page","link":"https:\/\/warakteknic.com\/ca\/midons\/","title":{"rendered":"Midons"},"content":{"rendered":"<div class=\"vgblk-rw-wrapper limit-wrapper\">\n<h1>\n\t\tMidons\n\t<\/h1>\n\tDes de l&#8217;any 2001 la nostra empresa representa el fabricant i lider mundial en midons especials <a href=\"https:\/\/crespeldeitersgroup.com\/\" target=\"_blank\" rel=\"noopener\">Crespel &amp; Deiters<\/a>.\nA Crespel &amp; Deiters disposem d&#8217;una \u00e0mplia gamma de midons especials per cobrir les necessitats de productivitat de les corrugadores d&#8217;altes prestacions.\n\t\t\t\t\t\t\t<img loading=\"lazy\" decoding=\"async\" src=\"https:\/\/warakteknic.com\/wp-content\/uploads\/2021\/02\/crespelunddeiters.jpg\" alt=\"crespelunddeiters\" itemprop=\"image\" height=\"1080\" width=\"1920\" title=\"crespelunddeiters\" onerror=\"this.style.display='none'\"  sizes=\"(max-width: 768px) 100vw, 100vw\" srcset=\"https:\/\/warakteknic.com\/wp-content\/uploads\/2021\/02\/crespelunddeiters.jpg 1920w, https:\/\/warakteknic.com\/wp-content\/uploads\/2021\/02\/crespelunddeiters-300x169.jpg 300w, https:\/\/warakteknic.com\/wp-content\/uploads\/2021\/02\/crespelunddeiters-1024x576.jpg 1024w, https:\/\/warakteknic.com\/wp-content\/uploads\/2021\/02\/crespelunddeiters-1536x864.jpg 1536w, https:\/\/warakteknic.com\/wp-content\/uploads\/2021\/02\/crespelunddeiters-1260x709.jpg 1260w, https:\/\/warakteknic.com\/wp-content\/uploads\/2021\/02\/crespelunddeiters-630x354.jpg 630w, https:\/\/warakteknic.com\/wp-content\/uploads\/2021\/02\/crespelunddeiters-420x236.jpg 420w, https:\/\/warakteknic.com\/wp-content\/uploads\/2021\/02\/crespelunddeiters-840x473.jpg 840w, https:\/\/warakteknic.com\/wp-content\/uploads\/2021\/02\/crespelunddeiters-315x177.jpg 315w\" \/>\t\t\t\t\t\t\t\n<h3>\n\tEspecials\n\t<\/h3>\n\t<p>Tot i que C&amp;D \u00e9s una f\u00e0brica preparada per a la fabricaci\u00f3 de qualsevol tipus de mid\u00f3, el creixement en la demanda de qualitat dels nostres clients ens ha portat a un creixement de vendes especialment en midons modificats i especials.<\/p>\n<p>Els midons especials estan dissenyats a mida per a cada client en funci\u00f3 de les seves necessitats espec\u00edfiques de fabricaci\u00f3, considerant variables com: maquin\u00e0ria, combinaci\u00f3 de papers, velocitats de producci\u00f3, temps de curat i exig\u00e8ncies de qualitat dels seus clients.<\/p>\n<p>Crespel disposa d&#8217;una gran varietat propera a les 30 diferents refer\u00e8ncies de midons especials.<\/p>\n<p>&nbsp;<\/p>\n\t\t\t\t\t\t\t<img loading=\"lazy\" decoding=\"async\" src=\"https:\/\/warakteknic.com\/wp-content\/uploads\/2021\/02\/almidones-warak_-1.jpg\" alt=\"almidones warak_\" itemprop=\"image\" height=\"1080\" width=\"1920\" title=\"almidones warak_\" onerror=\"this.style.display='none'\"  sizes=\"(max-width: 768px) 100vw, 100vw\" srcset=\"https:\/\/warakteknic.com\/wp-content\/uploads\/2021\/02\/almidones-warak_-1.jpg 1920w, https:\/\/warakteknic.com\/wp-content\/uploads\/2021\/02\/almidones-warak_-1-300x169.jpg 300w, https:\/\/warakteknic.com\/wp-content\/uploads\/2021\/02\/almidones-warak_-1-1024x576.jpg 1024w, https:\/\/warakteknic.com\/wp-content\/uploads\/2021\/02\/almidones-warak_-1-1536x864.jpg 1536w, https:\/\/warakteknic.com\/wp-content\/uploads\/2021\/02\/almidones-warak_-1-1260x709.jpg 1260w, https:\/\/warakteknic.com\/wp-content\/uploads\/2021\/02\/almidones-warak_-1-630x354.jpg 630w, https:\/\/warakteknic.com\/wp-content\/uploads\/2021\/02\/almidones-warak_-1-420x236.jpg 420w, https:\/\/warakteknic.com\/wp-content\/uploads\/2021\/02\/almidones-warak_-1-840x473.jpg 840w, https:\/\/warakteknic.com\/wp-content\/uploads\/2021\/02\/almidones-warak_-1-315x177.jpg 315w\" \/>\t\t\t\t\t\t\t\n<h3>\n\tModificats\n\t<\/h3>\n\t<p>Els midons modificats de C&amp;D cobreixen el rang intermedi entre les preparacions de midons nadius i els midons especials, tant en prestacions com en cost.<\/p>\n<p>davant del dubte del tipus de mid\u00f3 m\u00e9s idoni per a les seves instal\u00b7lacions, contacti al nostre equip t\u00e8cnic per a realitzar una visita pr\u00e8via i una prova pilot posterior.<\/p>\n\n<\/div><!-- .vgblk-rw-wrapper -->","protected":false},"excerpt":{"rendered":"<p>Midons Des de l&#8217;any 2001 la nostra empresa representa el fabricant i lider mundial en midons especials Crespel &amp; Deiters. A Crespel &amp; Deiters disposem d&#8217;una \u00e0mplia gamma de midons especials per cobrir les necessitats de productivitat de les corrugadores d&#8217;altes prestacions. Especials Tot i que C&amp;D \u00e9s una f\u00e0brica preparada per a la fabricaci\u00f3&#8230;<\/p>\n","protected":false},"author":1,"featured_media":0,"parent":0,"menu_order":0,"comment_status":"closed","ping_status":"closed","template":"","meta":{"inline_featured_image":false,"footnotes":""},"_links":{"self":[{"href":"https:\/\/warakteknic.com\/ca\/wp-json\/wp\/v2\/pages\/21254"}],"collection":[{"href":"https:\/\/warakteknic.com\/ca\/wp-json\/wp\/v2\/pages"}],"about":[{"href":"https:\/\/warakteknic.com\/ca\/wp-json\/wp\/v2\/types\/page"}],"author":[{"embeddable":true,"href":"https:\/\/warakteknic.com\/ca\/wp-json\/wp\/v2\/users\/1"}],"replies":[{"embeddable":true,"href":"https:\/\/warakteknic.com\/ca\/wp-json\/wp\/v2\/comments?post=21254"}],"version-history":[{"count":2,"href":"https:\/\/warakteknic.com\/ca\/wp-json\/wp\/v2\/pages\/21254\/revisions"}],"predecessor-version":[{"id":23874,"href":"https:\/\/warakteknic.com\/ca\/wp-json\/wp\/v2\/pages\/21254\/revisions\/23874"}],"wp:attachment":[{"href":"https:\/\/warakteknic.com\/ca\/wp-json\/wp\/v2\/media?parent=21254"}],"curies":[{"name":"wp","href":"https:\/\/api.w.org\/{rel}","templated":true}]}}