{"id":21292,"date":"2019-10-26T01:36:43","date_gmt":"2019-10-25T23:36:43","guid":{"rendered":"https:\/\/warakteknic.com\/cocina-cola-control-remoto-formulacion\/"},"modified":"2025-04-09T12:22:13","modified_gmt":"2025-04-09T10:22:13","slug":"cocina-cola-control-remoto-formulacion","status":"publish","type":"page","link":"https:\/\/warakteknic.com\/ca\/cocina-cola-control-remoto-formulacion\/","title":{"rendered":"Control remoto"},"content":{"rendered":"<div class=\"vgblk-rw-wrapper limit-wrapper\">\n<h2>\n\tCuines de cola <br \/><b>disenyades per al cartr\u00f3 <\/b>\n\t<\/h2>\n\tLa capacitat de controlar remotament totes les operacions de la cuina suposa un avantatge per a la necessitat de canvis de formulacions en una onduladora. L&#8217;arxiu de hist\u00f2ric que mostra els valors de cada preparaci\u00f3 en gr\u00e0fiques, permet analitzar remotament les incid\u00e8ncies sorgides durant les diferents formulacions. Reduint aix\u00ed l&#8217;impacte econ\u00f2mic de l&#8217;servei t\u00e8cnic a planta.\n<p>&nbsp;<\/p>\n\t\t\t\t\t\t\t<img decoding=\"async\" loading=\"lazy\" src=\"https:\/\/warakteknic.com\/wp-content\/uploads\/2019\/09\/Cocina-de-cola-prestaciones.jpg\" alt=\"cocina de cola formulaci\u00f3n remota\" itemprop=\"image\" height=\"1080\" width=\"1620\" title=\"cocina de cola formulaci\u00f3n remota\" onerror=\"this.style.display='none'\"  sizes=\"(max-width: 768px) 100vw, 100vw\" srcset=\"data:image\/svg+xml;utf8,&lt;svg%20xmlns=&quot;http:\/\/www.w3.org\/2000\/svg&quot;%20viewBox=&quot;0%200%201620%201080&quot;%20height=&quot;1080px&quot;%20width=&quot;1620px&quot;\/&gt;\" data-srcset=\"https:\/\/warakteknic.com\/wp-content\/uploads\/2019\/09\/Cocina-de-cola-prestaciones.jpg 1620w, https:\/\/warakteknic.com\/wp-content\/uploads\/2019\/09\/Cocina-de-cola-prestaciones-300x200.jpg 300w, https:\/\/warakteknic.com\/wp-content\/uploads\/2019\/09\/Cocina-de-cola-prestaciones-768x512.jpg 768w, https:\/\/warakteknic.com\/wp-content\/uploads\/2019\/09\/Cocina-de-cola-prestaciones-1024x683.jpg 1024w, https:\/\/warakteknic.com\/wp-content\/uploads\/2019\/09\/Cocina-de-cola-prestaciones-1260x840.jpg 1260w, https:\/\/warakteknic.com\/wp-content\/uploads\/2019\/09\/Cocina-de-cola-prestaciones-630x420.jpg 630w, https:\/\/warakteknic.com\/wp-content\/uploads\/2019\/09\/Cocina-de-cola-prestaciones-420x280.jpg 420w, https:\/\/warakteknic.com\/wp-content\/uploads\/2019\/09\/Cocina-de-cola-prestaciones-840x560.jpg 840w, https:\/\/warakteknic.com\/wp-content\/uploads\/2019\/09\/Cocina-de-cola-prestaciones-315x210.jpg 315w\" \/>\t\t\t\t\t\t\t\n<h2>\n\t <b>Prestacions<\/b>\n\t<\/h2>\n\t\t\tControl\n\t\tL&#8217;aplicaci\u00f3 de control remot ens permet tant reformular preparacions com estudiar els arxius hist\u00f2rics.\n\t\t\tHistorial\n\t\tL&#8217;arxiu d&#8217;hist\u00f2rics grava els valors de pes, temps, viscositat i temperatura. Necessaris tots ells per comprendre una reacci\u00f3 de preparaci\u00f3 de mid\u00f3.\n\t\t\tGr\u00e0fiques\n\t\tEl m\u00f2dul de gr\u00e0fiques ens permet comparar l&#8217;evoluci\u00f3 dels quatre par\u00e0metres b\u00e0sics conjuntament.\n<h2>\n\tM\u00e9s <br \/><strong>avantatges<\/strong>\n\t<\/h2>\n<h4>\n\tSoftware obert\n\t<\/h4>\n\t<p>La programaci\u00f3 de l&#8217;PLC Siemens i la seva interf\u00edcie HMI s\u00f3n oberts.<\/p>\n<h4>\n\tPrestacions\n\t<\/h4>\n\t<p>Capacitat de preparaci\u00f3 de fins a 2.000 litres en 30 minuts.<\/p>\n\n<\/div><!-- .vgblk-rw-wrapper -->","protected":false},"excerpt":{"rendered":"<p>Cuines de cola disenyades per al cartr\u00f3 La capacitat de controlar remotament totes les operacions de la cuina suposa un avantatge per a la necessitat de canvis de formulacions en una onduladora. L&#8217;arxiu de hist\u00f2ric que mostra els valors de cada preparaci\u00f3 en gr\u00e0fiques, permet analitzar remotament les incid\u00e8ncies sorgides durant les diferents formulacions. Reduint&#8230;<\/p>\n","protected":false},"author":1,"featured_media":21293,"parent":0,"menu_order":0,"comment_status":"closed","ping_status":"closed","template":"","meta":{"inline_featured_image":false,"footnotes":""},"_links":{"self":[{"href":"https:\/\/warakteknic.com\/ca\/wp-json\/wp\/v2\/pages\/21292"}],"collection":[{"href":"https:\/\/warakteknic.com\/ca\/wp-json\/wp\/v2\/pages"}],"about":[{"href":"https:\/\/warakteknic.com\/ca\/wp-json\/wp\/v2\/types\/page"}],"author":[{"embeddable":true,"href":"https:\/\/warakteknic.com\/ca\/wp-json\/wp\/v2\/users\/1"}],"replies":[{"embeddable":true,"href":"https:\/\/warakteknic.com\/ca\/wp-json\/wp\/v2\/comments?post=21292"}],"version-history":[{"count":1,"href":"https:\/\/warakteknic.com\/ca\/wp-json\/wp\/v2\/pages\/21292\/revisions"}],"predecessor-version":[{"id":23766,"href":"https:\/\/warakteknic.com\/ca\/wp-json\/wp\/v2\/pages\/21292\/revisions\/23766"}],"wp:featuredmedia":[{"embeddable":true,"href":"https:\/\/warakteknic.com\/ca\/wp-json\/wp\/v2\/media\/21293"}],"wp:attachment":[{"href":"https:\/\/warakteknic.com\/ca\/wp-json\/wp\/v2\/media?parent=21292"}],"curies":[{"name":"wp","href":"https:\/\/api.w.org\/{rel}","templated":true}]}}