{"id":20855,"date":"2019-10-24T11:16:56","date_gmt":"2019-10-24T09:16:56","guid":{"rendered":"https:\/\/warakteknic.com\/ingenieria-carton-ondulado\/"},"modified":"2025-05-26T15:38:48","modified_gmt":"2025-05-26T13:38:48","slug":"warak-teknic","status":"publish","type":"page","link":"https:\/\/warakteknic.com\/de\/","title":{"rendered":"WARAKTEKNIC &#8211; Leim- und St\u00e4rkek\u00fcchen"},"content":{"rendered":"<div class=\"vgblk-rw-wrapper limit-wrapper\">\n<h3>\n\t\t\t<a href=\"https:\/\/warakteknic.com\/de\/starken\/\" title=\"St\u00e4rken\" target=\"_self\" rel=\"noopener\">\n\tSt\u00e4rken\n\t\t\t<\/a>\n\t<\/h3>\n\t<p>Planung und Herstellung von Hochregallagern f\u00fcr Zwischenprodukte, Software f\u00fcr Steuerung und Handling.<\/p>\n\t\t\t\t\t\t\t<img loading=\"lazy\" decoding=\"async\" src=\"https:\/\/warakteknic.com\/wp-content\/uploads\/2021\/02\/almidones-warak_-scaled.jpg\" alt=\"almidones warak_\" itemprop=\"image\" height=\"1440\" width=\"2560\" title=\"almidones warak_\" onerror=\"this.style.display='none'\"  sizes=\"(max-width: 768px) 100vw, 100vw\" srcset=\"https:\/\/warakteknic.com\/wp-content\/uploads\/2021\/02\/almidones-warak_-scaled.jpg 2560w, https:\/\/warakteknic.com\/wp-content\/uploads\/2021\/02\/almidones-warak_-300x169.jpg 300w, https:\/\/warakteknic.com\/wp-content\/uploads\/2021\/02\/almidones-warak_-1024x576.jpg 1024w, https:\/\/warakteknic.com\/wp-content\/uploads\/2021\/02\/almidones-warak_-1536x864.jpg 1536w, https:\/\/warakteknic.com\/wp-content\/uploads\/2021\/02\/almidones-warak_-2048x1152.jpg 2048w, https:\/\/warakteknic.com\/wp-content\/uploads\/2021\/02\/almidones-warak_-1260x709.jpg 1260w, https:\/\/warakteknic.com\/wp-content\/uploads\/2021\/02\/almidones-warak_-630x354.jpg 630w, https:\/\/warakteknic.com\/wp-content\/uploads\/2021\/02\/almidones-warak_-420x236.jpg 420w, https:\/\/warakteknic.com\/wp-content\/uploads\/2021\/02\/almidones-warak_-840x473.jpg 840w, https:\/\/warakteknic.com\/wp-content\/uploads\/2021\/02\/almidones-warak_-315x177.jpg 315w\" \/>\t\t\t\t\t\t\t\n<h3>\n\t\t\t<a href=\"https:\/\/warakteknic.com\/de\/kuchen-aus-wellpappenleim\/\" title=\"Leimk\u00fcchen\" target=\"_self\" rel=\"noopener\">\n\tLeimk\u00fcchen\n\t\t\t<\/a>\n\t<\/h3>\n\t<p>Modulare K\u00fcchen zur Herstellung von St\u00e4rkeleim, zugeschnitten auf die Bed\u00fcrfnisse unserer Kunden, schl\u00fcsselfertige Projekte.<\/p>\n\t\t\t\t\t\t\t<img loading=\"lazy\" decoding=\"async\" src=\"https:\/\/warakteknic.com\/wp-content\/uploads\/2021\/02\/cocinas-cola-warak-teknic.jpg\" alt=\"cocinas cola warak teknic\" itemprop=\"image\" height=\"1440\" width=\"2560\" title=\"cocinas cola warak teknic\" onerror=\"this.style.display='none'\"  sizes=\"(max-width: 768px) 100vw, 100vw\" srcset=\"https:\/\/warakteknic.com\/wp-content\/uploads\/2021\/02\/cocinas-cola-warak-teknic.jpg 2560w, https:\/\/warakteknic.com\/wp-content\/uploads\/2021\/02\/cocinas-cola-warak-teknic-300x169.jpg 300w, https:\/\/warakteknic.com\/wp-content\/uploads\/2021\/02\/cocinas-cola-warak-teknic-1024x576.jpg 1024w, https:\/\/warakteknic.com\/wp-content\/uploads\/2021\/02\/cocinas-cola-warak-teknic-1536x864.jpg 1536w, https:\/\/warakteknic.com\/wp-content\/uploads\/2021\/02\/cocinas-cola-warak-teknic-2048x1152.jpg 2048w, https:\/\/warakteknic.com\/wp-content\/uploads\/2021\/02\/cocinas-cola-warak-teknic-1260x709.jpg 1260w, https:\/\/warakteknic.com\/wp-content\/uploads\/2021\/02\/cocinas-cola-warak-teknic-630x354.jpg 630w, https:\/\/warakteknic.com\/wp-content\/uploads\/2021\/02\/cocinas-cola-warak-teknic-420x236.jpg 420w, https:\/\/warakteknic.com\/wp-content\/uploads\/2021\/02\/cocinas-cola-warak-teknic-840x473.jpg 840w, https:\/\/warakteknic.com\/wp-content\/uploads\/2021\/02\/cocinas-cola-warak-teknic-315x177.jpg 315w\" \/>\t\t\t\t\t\t\t\n<h5>\n\tWARAKTEKNIC\n\t<\/h5>\n\t<h1>Angewandte Technik <strong>f\u00fcr Wellpappe<\/strong><\/h1>\n\t<p>Die WARAK-Gruppe bietet eine breite Palette von Maschinen und Dienstleistungen f\u00fcr den Wellpappensektor. Dank seiner Erfahrung in diesem Sektor kann das Unternehmen ENGINEERING SOLUTIONS f\u00fcr jeden Teil des Produktionsprozesses anbieten.<\/p>\n<p>F\u00fcr weitere Informationen kontaktieren Sie uns bitte oder besuchen Sie unsere <a href=\"https:\/\/www.warak.com\/de\/\" target=\"_blank\" rel=\"noopener\"><strong>WARAK<\/strong>-Website.<\/a><\/p>\n\t<iframe loading=\"lazy\" width=\"700\" height=\"450\" src=\"https:\/\/www.youtube.com\/embed\/gNTcuL8nzK4\" title=\"YouTube video player\" frameborder=\"0\" allow=\"accelerometer; autoplay; clipboard-write; encrypted-media; gyroscope; picture-in-picture\" allowfullscreen><\/iframe>\n\t\t\t\t<a href=\"https:\/\/www.grupohinojosa.com\/\" target=\"_blank\" rel=\"noopener\" itemprop=\"url\" title=\"Logos clientes warak\">\n\t\t\t\t\t\t\t<img loading=\"lazy\" decoding=\"async\" src=\"https:\/\/warakteknic.com\/wp-content\/uploads\/2019\/09\/hinojosa.png\" alt=\"Logos clientes warak\" itemprop=\"image\" height=\"500\" width=\"500\" data-link-type=\"url\" title=\"Hinojosa packaging logo\" onerror=\"this.style.display='none'\"  sizes=\"(max-width: 768px) 100vw, 100vw\" srcset=\"https:\/\/warakteknic.com\/wp-content\/uploads\/2019\/09\/hinojosa.png 500w, https:\/\/warakteknic.com\/wp-content\/uploads\/2019\/09\/hinojosa-150x150.png 150w, https:\/\/warakteknic.com\/wp-content\/uploads\/2019\/09\/hinojosa-300x300.png 300w, https:\/\/warakteknic.com\/wp-content\/uploads\/2019\/09\/hinojosa-420x420.png 420w, https:\/\/warakteknic.com\/wp-content\/uploads\/2019\/09\/hinojosa-315x315.png 315w, https:\/\/warakteknic.com\/wp-content\/uploads\/2019\/09\/hinojosa-100x100.png 100w\" \/>\t\t\t\t\t\t<\/a>\n\t\t\t\t<a href=\"http:\/\/www.cartonajesbernabeu.com\/\" target=\"_blank\" rel=\"noopener\" itemprop=\"url\" title=\"logo ondulados del papel\">\n\t\t\t\t\t\t\t<img loading=\"lazy\" decoding=\"async\" src=\"https:\/\/warakteknic.com\/wp-content\/uploads\/2018\/01\/logo-ondulados-del-papel.png\" alt=\"logo ondulados del papel\" itemprop=\"image\" height=\"500\" width=\"500\" data-link-type=\"url\" title=\"logo ondulados del papel\" onerror=\"this.style.display='none'\"  sizes=\"(max-width: 768px) 100vw, 100vw\" srcset=\"https:\/\/warakteknic.com\/wp-content\/uploads\/2018\/01\/logo-ondulados-del-papel.png 500w, https:\/\/warakteknic.com\/wp-content\/uploads\/2018\/01\/logo-ondulados-del-papel-300x300.png 300w, https:\/\/warakteknic.com\/wp-content\/uploads\/2018\/01\/logo-ondulados-del-papel-150x150.png 150w, https:\/\/warakteknic.com\/wp-content\/uploads\/2018\/01\/logo-ondulados-del-papel-420x420.png 420w, https:\/\/warakteknic.com\/wp-content\/uploads\/2018\/01\/logo-ondulados-del-papel-315x315.png 315w\" \/>\t\t\t\t\t\t<\/a>\n\t\t\t\t<a href=\"https:\/\/www.smurfitkappa.com\/es\" target=\"_blank\" rel=\"noopener\" itemprop=\"url\" title=\"Logos clientes warak\">\n\t\t\t\t\t\t\t<img loading=\"lazy\" decoding=\"async\" src=\"https:\/\/warakteknic.com\/wp-content\/uploads\/2018\/01\/smurfit-logo-web-3985248574.png\" alt=\"Logos clientes warak\" itemprop=\"image\" height=\"500\" width=\"500\" data-link-type=\"url\" title=\"smurfit-logo-web-3985248574\" onerror=\"this.style.display='none'\"  sizes=\"(max-width: 768px) 100vw, 100vw\" srcset=\"https:\/\/warakteknic.com\/wp-content\/uploads\/2018\/01\/smurfit-logo-web-3985248574.png 500w, https:\/\/warakteknic.com\/wp-content\/uploads\/2018\/01\/smurfit-logo-web-3985248574-150x150.png 150w, https:\/\/warakteknic.com\/wp-content\/uploads\/2018\/01\/smurfit-logo-web-3985248574-300x300.png 300w, https:\/\/warakteknic.com\/wp-content\/uploads\/2018\/01\/smurfit-logo-web-3985248574-420x420.png 420w, https:\/\/warakteknic.com\/wp-content\/uploads\/2018\/01\/smurfit-logo-web-3985248574-315x315.png 315w, https:\/\/warakteknic.com\/wp-content\/uploads\/2018\/01\/smurfit-logo-web-3985248574-100x100.png 100w\" \/>\t\t\t\t\t\t<\/a>\n\t\t\t\t<a href=\"http:\/\/www.rossmann.ro\/\" target=\"_blank\" rel=\"noopener\" itemprop=\"url\" title=\"Romcarton romania\">\n\t\t\t\t\t\t\t<img loading=\"lazy\" decoding=\"async\" src=\"https:\/\/warakteknic.com\/wp-content\/uploads\/2018\/01\/logo-romcarton.png\" alt=\"Romcarton romania\" itemprop=\"image\" height=\"500\" width=\"500\" data-link-type=\"url\" title=\"logo romcarton romania\" onerror=\"this.style.display='none'\"  sizes=\"(max-width: 768px) 100vw, 100vw\" srcset=\"https:\/\/warakteknic.com\/wp-content\/uploads\/2018\/01\/logo-romcarton.png 500w, https:\/\/warakteknic.com\/wp-content\/uploads\/2018\/01\/logo-romcarton-150x150.png 150w, https:\/\/warakteknic.com\/wp-content\/uploads\/2018\/01\/logo-romcarton-300x300.png 300w, https:\/\/warakteknic.com\/wp-content\/uploads\/2018\/01\/logo-romcarton-420x420.png 420w, https:\/\/warakteknic.com\/wp-content\/uploads\/2018\/01\/logo-romcarton-315x315.png 315w, https:\/\/warakteknic.com\/wp-content\/uploads\/2018\/01\/logo-romcarton-100x100.png 100w\" \/>\t\t\t\t\t\t<\/a>\n\n<\/div><!-- .vgblk-rw-wrapper -->","protected":false},"excerpt":{"rendered":"<p>St\u00e4rken Planung und Herstellung von Hochregallagern f\u00fcr Zwischenprodukte, Software f\u00fcr Steuerung und Handling. Leimk\u00fcchen Modulare K\u00fcchen zur Herstellung von St\u00e4rkeleim, zugeschnitten auf die Bed\u00fcrfnisse unserer Kunden, schl\u00fcsselfertige Projekte. WARAKTEKNIC Angewandte Technik f\u00fcr Wellpappe Die WARAK-Gruppe bietet eine breite Palette von Maschinen und Dienstleistungen f\u00fcr den Wellpappensektor. Dank seiner Erfahrung in diesem Sektor kann das Unternehmen&#8230;<\/p>\n","protected":false},"author":1,"featured_media":20856,"parent":0,"menu_order":0,"comment_status":"closed","ping_status":"closed","template":"","meta":{"inline_featured_image":false,"footnotes":""},"_links":{"self":[{"href":"https:\/\/warakteknic.com\/de\/wp-json\/wp\/v2\/pages\/20855"}],"collection":[{"href":"https:\/\/warakteknic.com\/de\/wp-json\/wp\/v2\/pages"}],"about":[{"href":"https:\/\/warakteknic.com\/de\/wp-json\/wp\/v2\/types\/page"}],"author":[{"embeddable":true,"href":"https:\/\/warakteknic.com\/de\/wp-json\/wp\/v2\/users\/1"}],"replies":[{"embeddable":true,"href":"https:\/\/warakteknic.com\/de\/wp-json\/wp\/v2\/comments?post=20855"}],"version-history":[{"count":4,"href":"https:\/\/warakteknic.com\/de\/wp-json\/wp\/v2\/pages\/20855\/revisions"}],"predecessor-version":[{"id":23940,"href":"https:\/\/warakteknic.com\/de\/wp-json\/wp\/v2\/pages\/20855\/revisions\/23940"}],"wp:featuredmedia":[{"embeddable":true,"href":"https:\/\/warakteknic.com\/de\/wp-json\/wp\/v2\/media\/20856"}],"wp:attachment":[{"href":"https:\/\/warakteknic.com\/de\/wp-json\/wp\/v2\/media?parent=20855"}],"curies":[{"name":"wp","href":"https:\/\/api.w.org\/{rel}","templated":true}]}}