{"id":19877,"date":"2019-10-24T11:16:56","date_gmt":"2019-10-24T09:16:56","guid":{"rendered":"https:\/\/warakteknic.com\/ingenieria-carton-ondulado\/"},"modified":"2025-05-26T15:43:11","modified_gmt":"2025-05-26T13:43:11","slug":"warak-teknic","status":"publish","type":"page","link":"https:\/\/warakteknic.com\/fr\/","title":{"rendered":"WARAKTEKNIC"},"content":{"rendered":"<div class=\"vgblk-rw-wrapper limit-wrapper\">\n<h3>\n\t\t\t<a href=\"https:\/\/warakteknic.com\/fr\/amidons\/\" title=\"Amidons\" target=\"_self\" rel=\"noopener\">\n\tAmidons\n\t\t\t<\/a>\n\t<\/h3>\n\tNous avons une large gamme d&rsquo;amidons sp\u00e9ciaux pour r\u00e9pondre aux besoins de productivit\u00e9 des onduleuses \u00e0 haute performance.\n\t\t\t\t\t\t\t<img loading=\"lazy\" decoding=\"async\" src=\"https:\/\/warakteknic.com\/wp-content\/uploads\/2021\/02\/almidones-warak_-scaled.jpg\" alt=\"almidones warak_\" itemprop=\"image\" height=\"1440\" width=\"2560\" title=\"almidones warak_\" onerror=\"this.style.display='none'\"  sizes=\"(max-width: 768px) 100vw, 100vw\" srcset=\"https:\/\/warakteknic.com\/wp-content\/uploads\/2021\/02\/almidones-warak_-scaled.jpg 2560w, https:\/\/warakteknic.com\/wp-content\/uploads\/2021\/02\/almidones-warak_-300x169.jpg 300w, https:\/\/warakteknic.com\/wp-content\/uploads\/2021\/02\/almidones-warak_-1024x576.jpg 1024w, https:\/\/warakteknic.com\/wp-content\/uploads\/2021\/02\/almidones-warak_-1536x864.jpg 1536w, https:\/\/warakteknic.com\/wp-content\/uploads\/2021\/02\/almidones-warak_-2048x1152.jpg 2048w, https:\/\/warakteknic.com\/wp-content\/uploads\/2021\/02\/almidones-warak_-1260x709.jpg 1260w, https:\/\/warakteknic.com\/wp-content\/uploads\/2021\/02\/almidones-warak_-630x354.jpg 630w, https:\/\/warakteknic.com\/wp-content\/uploads\/2021\/02\/almidones-warak_-420x236.jpg 420w, https:\/\/warakteknic.com\/wp-content\/uploads\/2021\/02\/almidones-warak_-840x473.jpg 840w, https:\/\/warakteknic.com\/wp-content\/uploads\/2021\/02\/almidones-warak_-315x177.jpg 315w\" \/>\t\t\t\t\t\t\t\n<h3>\n\t\t\t<a href=\"https:\/\/warakteknic.com\/fr\/cuisines-preparation-colle\/\" title=\"Cuisines de pr\u00e9paration de colle\" target=\"_self\" rel=\"noopener\">\n\tCuisines de pr\u00e9paration de colle\n\t\t\t<\/a>\n\t<\/h3>\n\tCuisines modulaires de pr\u00e9paration d&rsquo;amidon, projets cl\u00e9s en main adapt\u00e9s aux besoins de nos clients.\n\t\t\t\t\t\t\t<img loading=\"lazy\" decoding=\"async\" src=\"https:\/\/warakteknic.com\/wp-content\/uploads\/2021\/02\/cocinas-cola-warak-teknic.jpg\" alt=\"cocinas cola warak teknic\" itemprop=\"image\" height=\"1440\" width=\"2560\" title=\"cocinas cola warak teknic\" onerror=\"this.style.display='none'\"  sizes=\"(max-width: 768px) 100vw, 100vw\" srcset=\"https:\/\/warakteknic.com\/wp-content\/uploads\/2021\/02\/cocinas-cola-warak-teknic.jpg 2560w, https:\/\/warakteknic.com\/wp-content\/uploads\/2021\/02\/cocinas-cola-warak-teknic-300x169.jpg 300w, https:\/\/warakteknic.com\/wp-content\/uploads\/2021\/02\/cocinas-cola-warak-teknic-1024x576.jpg 1024w, https:\/\/warakteknic.com\/wp-content\/uploads\/2021\/02\/cocinas-cola-warak-teknic-1536x864.jpg 1536w, https:\/\/warakteknic.com\/wp-content\/uploads\/2021\/02\/cocinas-cola-warak-teknic-2048x1152.jpg 2048w, https:\/\/warakteknic.com\/wp-content\/uploads\/2021\/02\/cocinas-cola-warak-teknic-1260x709.jpg 1260w, https:\/\/warakteknic.com\/wp-content\/uploads\/2021\/02\/cocinas-cola-warak-teknic-630x354.jpg 630w, https:\/\/warakteknic.com\/wp-content\/uploads\/2021\/02\/cocinas-cola-warak-teknic-420x236.jpg 420w, https:\/\/warakteknic.com\/wp-content\/uploads\/2021\/02\/cocinas-cola-warak-teknic-840x473.jpg 840w, https:\/\/warakteknic.com\/wp-content\/uploads\/2021\/02\/cocinas-cola-warak-teknic-315x177.jpg 315w\" \/>\t\t\t\t\t\t\t\n<h5>\n\tWARAKTEKNIC\n\t<\/h5>\n\t<h1>Ing\u00e9nierie appliqu\u00e9e au <strong>Carton ondul\u00e9<\/strong><\/h1>\n\t<p>Le groupe WARAK offre une large gamme de machines et de services au secteur du carton ondul\u00e9. Notre exp\u00e9rience dans le secteur nous permet de fournir des SOLUTIONS D&rsquo;ING\u00c9NIERIE pour chaque partie du processus de production.<\/p>\n<p>Pour plus d&rsquo;informations, veuillez nous contacter ou visiter notre site Web <strong><a href=\"https:\/\/www.warak.com\/\" target=\"_blank\" rel=\"noopener\">WARAK<\/a><\/strong>.<\/p>\n<p>&nbsp;<\/p>\n<p>&nbsp;<\/p>\n<p>&nbsp;<\/p>\n\t<iframe loading=\"lazy\" width=\"700\" height=\"450\" src=\"https:\/\/www.youtube.com\/embed\/gNTcuL8nzK4\" title=\"YouTube video player\" frameborder=\"0\" allow=\"accelerometer; autoplay; clipboard-write; encrypted-media; gyroscope; picture-in-picture\" allowfullscreen><\/iframe>\n\t\t\t\t<a href=\"https:\/\/www.grupohinojosa.com\/\" target=\"_blank\" rel=\"noopener\" itemprop=\"url\" title=\"Logos clientes warak\">\n\t\t\t\t\t\t\t<img loading=\"lazy\" decoding=\"async\" src=\"https:\/\/warakteknic.com\/wp-content\/uploads\/2019\/09\/hinojosa.png\" alt=\"Logos clientes warak\" itemprop=\"image\" height=\"500\" width=\"500\" data-link-type=\"url\" title=\"Hinojosa packaging logo\" onerror=\"this.style.display='none'\"  sizes=\"(max-width: 768px) 100vw, 100vw\" srcset=\"https:\/\/warakteknic.com\/wp-content\/uploads\/2019\/09\/hinojosa.png 500w, https:\/\/warakteknic.com\/wp-content\/uploads\/2019\/09\/hinojosa-150x150.png 150w, https:\/\/warakteknic.com\/wp-content\/uploads\/2019\/09\/hinojosa-300x300.png 300w, https:\/\/warakteknic.com\/wp-content\/uploads\/2019\/09\/hinojosa-420x420.png 420w, https:\/\/warakteknic.com\/wp-content\/uploads\/2019\/09\/hinojosa-315x315.png 315w, https:\/\/warakteknic.com\/wp-content\/uploads\/2019\/09\/hinojosa-100x100.png 100w\" \/>\t\t\t\t\t\t<\/a>\n\t\t\t\t<a href=\"http:\/\/www.cartonajesbernabeu.com\/\" target=\"_blank\" rel=\"noopener\" itemprop=\"url\" title=\"logo ondulados del papel\">\n\t\t\t\t\t\t\t<img loading=\"lazy\" decoding=\"async\" src=\"https:\/\/warakteknic.com\/wp-content\/uploads\/2018\/01\/logo-ondulados-del-papel.png\" alt=\"logo ondulados del papel\" itemprop=\"image\" height=\"500\" width=\"500\" data-link-type=\"url\" title=\"logo ondulados del papel\" onerror=\"this.style.display='none'\"  sizes=\"(max-width: 768px) 100vw, 100vw\" srcset=\"https:\/\/warakteknic.com\/wp-content\/uploads\/2018\/01\/logo-ondulados-del-papel.png 500w, https:\/\/warakteknic.com\/wp-content\/uploads\/2018\/01\/logo-ondulados-del-papel-300x300.png 300w, https:\/\/warakteknic.com\/wp-content\/uploads\/2018\/01\/logo-ondulados-del-papel-150x150.png 150w, https:\/\/warakteknic.com\/wp-content\/uploads\/2018\/01\/logo-ondulados-del-papel-420x420.png 420w, https:\/\/warakteknic.com\/wp-content\/uploads\/2018\/01\/logo-ondulados-del-papel-315x315.png 315w\" \/>\t\t\t\t\t\t<\/a>\n\t\t\t\t<a href=\"https:\/\/www.smurfitkappa.com\/es\" target=\"_blank\" rel=\"noopener\" itemprop=\"url\" title=\"Logos clientes warak\">\n\t\t\t\t\t\t\t<img loading=\"lazy\" decoding=\"async\" src=\"https:\/\/warakteknic.com\/wp-content\/uploads\/2018\/01\/smurfit-logo-web-3985248574.png\" alt=\"Logos clientes warak\" itemprop=\"image\" height=\"500\" width=\"500\" data-link-type=\"url\" title=\"smurfit-logo-web-3985248574\" onerror=\"this.style.display='none'\"  sizes=\"(max-width: 768px) 100vw, 100vw\" srcset=\"https:\/\/warakteknic.com\/wp-content\/uploads\/2018\/01\/smurfit-logo-web-3985248574.png 500w, https:\/\/warakteknic.com\/wp-content\/uploads\/2018\/01\/smurfit-logo-web-3985248574-150x150.png 150w, https:\/\/warakteknic.com\/wp-content\/uploads\/2018\/01\/smurfit-logo-web-3985248574-300x300.png 300w, https:\/\/warakteknic.com\/wp-content\/uploads\/2018\/01\/smurfit-logo-web-3985248574-420x420.png 420w, https:\/\/warakteknic.com\/wp-content\/uploads\/2018\/01\/smurfit-logo-web-3985248574-315x315.png 315w, https:\/\/warakteknic.com\/wp-content\/uploads\/2018\/01\/smurfit-logo-web-3985248574-100x100.png 100w\" \/>\t\t\t\t\t\t<\/a>\n\t\t\t\t<a href=\"http:\/\/www.rossmann.ro\/\" target=\"_blank\" rel=\"noopener\" itemprop=\"url\" title=\"Romcarton romania\">\n\t\t\t\t\t\t\t<img loading=\"lazy\" decoding=\"async\" src=\"https:\/\/warakteknic.com\/wp-content\/uploads\/2018\/01\/logo-romcarton.png\" alt=\"Romcarton romania\" itemprop=\"image\" height=\"500\" width=\"500\" data-link-type=\"url\" title=\"logo romcarton romania\" onerror=\"this.style.display='none'\"  sizes=\"(max-width: 768px) 100vw, 100vw\" srcset=\"https:\/\/warakteknic.com\/wp-content\/uploads\/2018\/01\/logo-romcarton.png 500w, https:\/\/warakteknic.com\/wp-content\/uploads\/2018\/01\/logo-romcarton-150x150.png 150w, https:\/\/warakteknic.com\/wp-content\/uploads\/2018\/01\/logo-romcarton-300x300.png 300w, https:\/\/warakteknic.com\/wp-content\/uploads\/2018\/01\/logo-romcarton-420x420.png 420w, https:\/\/warakteknic.com\/wp-content\/uploads\/2018\/01\/logo-romcarton-315x315.png 315w, https:\/\/warakteknic.com\/wp-content\/uploads\/2018\/01\/logo-romcarton-100x100.png 100w\" \/>\t\t\t\t\t\t<\/a>\n\n<\/div><!-- .vgblk-rw-wrapper -->","protected":false},"excerpt":{"rendered":"<p>Amidons Nous avons une large gamme d&rsquo;amidons sp\u00e9ciaux pour r\u00e9pondre aux besoins de productivit\u00e9 des onduleuses \u00e0 haute performance. Cuisines de pr\u00e9paration de colle Cuisines modulaires de pr\u00e9paration d&rsquo;amidon, projets cl\u00e9s en main adapt\u00e9s aux besoins de nos clients. WARAKTEKNIC Ing\u00e9nierie appliqu\u00e9e au Carton ondul\u00e9 Le groupe WARAK offre une large gamme de machines et&#8230;<\/p>\n","protected":false},"author":1,"featured_media":19878,"parent":0,"menu_order":0,"comment_status":"closed","ping_status":"closed","template":"","meta":{"inline_featured_image":false,"footnotes":""},"_links":{"self":[{"href":"https:\/\/warakteknic.com\/fr\/wp-json\/wp\/v2\/pages\/19877"}],"collection":[{"href":"https:\/\/warakteknic.com\/fr\/wp-json\/wp\/v2\/pages"}],"about":[{"href":"https:\/\/warakteknic.com\/fr\/wp-json\/wp\/v2\/types\/page"}],"author":[{"embeddable":true,"href":"https:\/\/warakteknic.com\/fr\/wp-json\/wp\/v2\/users\/1"}],"replies":[{"embeddable":true,"href":"https:\/\/warakteknic.com\/fr\/wp-json\/wp\/v2\/comments?post=19877"}],"version-history":[{"count":11,"href":"https:\/\/warakteknic.com\/fr\/wp-json\/wp\/v2\/pages\/19877\/revisions"}],"predecessor-version":[{"id":23942,"href":"https:\/\/warakteknic.com\/fr\/wp-json\/wp\/v2\/pages\/19877\/revisions\/23942"}],"wp:featuredmedia":[{"embeddable":true,"href":"https:\/\/warakteknic.com\/fr\/wp-json\/wp\/v2\/media\/19878"}],"wp:attachment":[{"href":"https:\/\/warakteknic.com\/fr\/wp-json\/wp\/v2\/media?parent=19877"}],"curies":[{"name":"wp","href":"https:\/\/api.w.org\/{rel}","templated":true}]}}