{"id":20084,"date":"2019-10-26T01:31:48","date_gmt":"2019-10-25T23:31:48","guid":{"rendered":"https:\/\/warakteknic.com\/software-abierto-para-distintas-formulaciones\/"},"modified":"2025-05-14T10:27:59","modified_gmt":"2025-05-14T08:27:59","slug":"logiciel-architecture-ouverte","status":"publish","type":"page","link":"https:\/\/warakteknic.com\/fr\/logiciel-architecture-ouverte\/","title":{"rendered":"Logiciel \u00e0 architecture ouverte"},"content":{"rendered":"<div class=\"vgblk-rw-wrapper limit-wrapper\">\n<h1>\n\t\tSur mesure et logiciel \u00e0 structure ouverte int\u00e9gr\u00e9\n\t<\/h1>\n\tLe module des cuisines de pr\u00e9paration de colle con\u00e7u par notre fournisseur Inautex int\u00e8gre un syst\u00e8me multit\u00e2che et enti\u00e8rement automatis\u00e9 afin de pr\u00e9parer des colles de type Stein Hall, Minocar et OBM, avec syst\u00e8me de contr\u00f4le int\u00e9gr\u00e9 (PLC, HMI, PC) et une interface d&rsquo;utilisateur simple et intuitive.\nLe module incorpore des \u00e9l\u00e9ments de contr\u00f4le en temps r\u00e9el tels que d\u00e9bitm\u00e8tre, viscosim\u00e8tre, etc. afin de r\u00e9aliser des pr\u00e9parations de colle s\u00fbres et r\u00e9p\u00e9titives en mode automatique, sans avoir besoin de repr\u00e9parer de formulations.\n\n<p>&nbsp;<\/p>\n\t\t\t\t\t\t\t<img loading=\"lazy\" decoding=\"async\" src=\"https:\/\/warakteknic.com\/wp-content\/uploads\/2019\/09\/Cocina-cola-2.jpg\" alt=\"Cocina de cola software abierto\" itemprop=\"image\" height=\"1080\" width=\"1920\" title=\"Cocina-cola-2\" onerror=\"this.style.display='none'\"  sizes=\"(max-width: 768px) 100vw, 100vw\" srcset=\"https:\/\/warakteknic.com\/wp-content\/uploads\/2019\/09\/Cocina-cola-2.jpg 1920w, https:\/\/warakteknic.com\/wp-content\/uploads\/2019\/09\/Cocina-cola-2-300x169.jpg 300w, https:\/\/warakteknic.com\/wp-content\/uploads\/2019\/09\/Cocina-cola-2-768x432.jpg 768w, https:\/\/warakteknic.com\/wp-content\/uploads\/2019\/09\/Cocina-cola-2-1024x576.jpg 1024w, https:\/\/warakteknic.com\/wp-content\/uploads\/2019\/09\/Cocina-cola-2-1260x709.jpg 1260w, https:\/\/warakteknic.com\/wp-content\/uploads\/2019\/09\/Cocina-cola-2-630x354.jpg 630w, https:\/\/warakteknic.com\/wp-content\/uploads\/2019\/09\/Cocina-cola-2-420x236.jpg 420w, https:\/\/warakteknic.com\/wp-content\/uploads\/2019\/09\/Cocina-cola-2-840x473.jpg 840w, https:\/\/warakteknic.com\/wp-content\/uploads\/2019\/09\/Cocina-cola-2-315x177.jpg 315w\" \/>\t\t\t\t\t\t\t\n<h2>\n\t<strong>Avantages<\/strong>\n\t<\/h2>\n\t\t\tSyst\u00e8me multit\u00e2che automatique\n\t\tLe PLC permet de doser plusieurs composants \u00e0 la fois, tout en contr\u00f4lant les r\u00e9actions au sein de pr\u00e9paration.\n\t\t\tContr\u00f4le en temps r\u00e9el\n\t\tLe programme PLC garde en m\u00e9moire les \u00e9carts de calcul d&rsquo;une formule pour proposer de nouvelles pr\u00e9parations plus pr\u00e9cises.\n\t\t\tRegistre de consommation\n\t\t<p>&lt;p align=\u00a0\u00bbjustify\u00a0\u00bb&gt;Le registre de donn\u00e9es permet de visualiser sous forme de graphique, la dur\u00e9e, la viscosit\u00e9, le poids et la temp\u00e9rature de chaque pr\u00e9paration.<\/p>\n\t\t\tPolyvalence\n\t\t<p>&lt;p align=\u00a0\u00bbjustify\u00a0\u00bb&gt;Possibilit\u00e9 de travailler directement avec un silo d&rsquo;une capacit\u00e9 allant jusqu&rsquo;\u00e0 90\u00a0To ou une station de remplissage de big bag d&rsquo;une tonne par le biais de vis sans fin automatiques.<\/p>\n<h2>\n\tAutres<br \/><strong>b\u00e9n\u00e9fices<\/strong>\n\t<\/h2>\n<h4>\n\t\t\t<a href=\"https:\/\/warakteknic.com\/fr\/prestations\/\" title=\"Prestations\" target=\"_self\" rel=\"noopener\">\n\tPrestations\n\t\t\t<\/a>\n\t<\/h4>\n\t<p>Capacit\u00e9 de pr\u00e9paration allant jusqu&rsquo;\u00e0 2\u00a0000\u00a0L en 30\u00a0minutes.<\/p>\n<h4>\n\t\t\t<a href=\"https:\/\/warakteknic.com\/fr\/controle-a-distance\/\" title=\"Contr\u00f4le \u00e0 distance\" target=\"_self\" rel=\"noopener\">\n\tContr\u00f4le \u00e0 distance\n\t\t\t<\/a>\n\t<\/h4>\n\t<p>Contr\u00f4le et modification des formulations \u00e0 distance.<\/p>\n\n<\/div><!-- .vgblk-rw-wrapper -->","protected":false},"excerpt":{"rendered":"<p>Sur mesure et logiciel \u00e0 structure ouverte int\u00e9gr\u00e9 Le module des cuisines de pr\u00e9paration de colle con\u00e7u par notre fournisseur Inautex int\u00e8gre un syst\u00e8me multit\u00e2che et enti\u00e8rement automatis\u00e9 afin de pr\u00e9parer des colles de type Stein Hall, Minocar et OBM, avec syst\u00e8me de contr\u00f4le int\u00e9gr\u00e9 (PLC, HMI, PC) et une interface d&rsquo;utilisateur simple et intuitive&#8230;.<\/p>\n","protected":false},"author":1,"featured_media":0,"parent":0,"menu_order":0,"comment_status":"closed","ping_status":"closed","template":"","meta":{"inline_featured_image":false,"footnotes":""},"_links":{"self":[{"href":"https:\/\/warakteknic.com\/fr\/wp-json\/wp\/v2\/pages\/20084"}],"collection":[{"href":"https:\/\/warakteknic.com\/fr\/wp-json\/wp\/v2\/pages"}],"about":[{"href":"https:\/\/warakteknic.com\/fr\/wp-json\/wp\/v2\/types\/page"}],"author":[{"embeddable":true,"href":"https:\/\/warakteknic.com\/fr\/wp-json\/wp\/v2\/users\/1"}],"replies":[{"embeddable":true,"href":"https:\/\/warakteknic.com\/fr\/wp-json\/wp\/v2\/comments?post=20084"}],"version-history":[{"count":2,"href":"https:\/\/warakteknic.com\/fr\/wp-json\/wp\/v2\/pages\/20084\/revisions"}],"predecessor-version":[{"id":23908,"href":"https:\/\/warakteknic.com\/fr\/wp-json\/wp\/v2\/pages\/20084\/revisions\/23908"}],"wp:attachment":[{"href":"https:\/\/warakteknic.com\/fr\/wp-json\/wp\/v2\/media?parent=20084"}],"curies":[{"name":"wp","href":"https:\/\/api.w.org\/{rel}","templated":true}]}}