{"id":20620,"date":"2019-10-26T00:43:53","date_gmt":"2019-10-25T22:43:53","guid":{"rendered":"https:\/\/warakteknic.com\/almacen-vertical-carton-ondulado\/"},"modified":"2025-05-14T10:37:17","modified_gmt":"2025-05-14T08:37:17","slug":"amidos","status":"publish","type":"page","link":"https:\/\/warakteknic.com\/pt-pt\/amidos\/","title":{"rendered":"Amidos"},"content":{"rendered":"<div class=\"vgblk-rw-wrapper limit-wrapper\">\n<h1>\n\t\tAmidos\n\t<\/h1>\n\t<p>Desde 2001, nossa empresa representa o fabricante e l\u00edder mundial em amidos especiais <a href=\"https:\/\/crespeldeitersgroup.com\/\" target=\"_blank\" rel=\"noopener\">CRESPEL &amp; DEITERS<\/a>.<\/p>\n<p>Na C&amp;D, temos uma ampla gama de amidos especiais para atender \u00e0s necessidades de produtividade de onduladeiras de alto desempenho.<\/p>\n\t\t\t\t\t\t\t<img loading=\"lazy\" decoding=\"async\" src=\"https:\/\/warakteknic.com\/wp-content\/uploads\/2021\/02\/crespelunddeiters.jpg\" alt=\"crespelunddeiters\" itemprop=\"image\" height=\"1080\" width=\"1920\" title=\"crespelunddeiters\" onerror=\"this.style.display='none'\"  sizes=\"(max-width: 768px) 100vw, 100vw\" srcset=\"https:\/\/warakteknic.com\/wp-content\/uploads\/2021\/02\/crespelunddeiters.jpg 1920w, https:\/\/warakteknic.com\/wp-content\/uploads\/2021\/02\/crespelunddeiters-300x169.jpg 300w, https:\/\/warakteknic.com\/wp-content\/uploads\/2021\/02\/crespelunddeiters-1024x576.jpg 1024w, https:\/\/warakteknic.com\/wp-content\/uploads\/2021\/02\/crespelunddeiters-1536x864.jpg 1536w, https:\/\/warakteknic.com\/wp-content\/uploads\/2021\/02\/crespelunddeiters-1260x709.jpg 1260w, https:\/\/warakteknic.com\/wp-content\/uploads\/2021\/02\/crespelunddeiters-630x354.jpg 630w, https:\/\/warakteknic.com\/wp-content\/uploads\/2021\/02\/crespelunddeiters-420x236.jpg 420w, https:\/\/warakteknic.com\/wp-content\/uploads\/2021\/02\/crespelunddeiters-840x473.jpg 840w, https:\/\/warakteknic.com\/wp-content\/uploads\/2021\/02\/crespelunddeiters-315x177.jpg 315w\" \/>\t\t\t\t\t\t\t\n\t\n<h3>\n\tEspeciais\n\t<\/h3>\n\t<p>Embora a C&amp;D seja uma f\u00e1brica preparada para fabricar qualquer tipo de amido, o crescimento da demanda por qualidade dos nossos clientes tem nos levado a um crescimento nas vendas, principalmente em amidos modificados e especiais.<\/p>\n<p>Os amidos especiais s\u00e3o customizados para cada cliente com base em suas necessidades espec\u00edficas de fabrica\u00e7\u00e3o, considerando vari\u00e1veis \u200b\u200bcomo: maquin\u00e1rios, combina\u00e7\u00e3o de pap\u00e9is, velocidades de produ\u00e7\u00e3o, tempos de cura e requisitos de qualidade de seus clientes.<\/p>\n<p>A Crespel possui uma grande variedade pr\u00f3xima a 30 refer\u00eancias diferentes de amidos especiais.<\/p>\n\t\t\t\t\t\t\t<img loading=\"lazy\" decoding=\"async\" src=\"https:\/\/warakteknic.com\/wp-content\/uploads\/2021\/02\/almidones-warak_-1.jpg\" alt=\"almidones warak_\" itemprop=\"image\" height=\"1080\" width=\"1920\" title=\"almidones warak_\" onerror=\"this.style.display='none'\"  sizes=\"(max-width: 768px) 100vw, 100vw\" srcset=\"https:\/\/warakteknic.com\/wp-content\/uploads\/2021\/02\/almidones-warak_-1.jpg 1920w, https:\/\/warakteknic.com\/wp-content\/uploads\/2021\/02\/almidones-warak_-1-300x169.jpg 300w, https:\/\/warakteknic.com\/wp-content\/uploads\/2021\/02\/almidones-warak_-1-1024x576.jpg 1024w, https:\/\/warakteknic.com\/wp-content\/uploads\/2021\/02\/almidones-warak_-1-1536x864.jpg 1536w, https:\/\/warakteknic.com\/wp-content\/uploads\/2021\/02\/almidones-warak_-1-1260x709.jpg 1260w, https:\/\/warakteknic.com\/wp-content\/uploads\/2021\/02\/almidones-warak_-1-630x354.jpg 630w, https:\/\/warakteknic.com\/wp-content\/uploads\/2021\/02\/almidones-warak_-1-420x236.jpg 420w, https:\/\/warakteknic.com\/wp-content\/uploads\/2021\/02\/almidones-warak_-1-840x473.jpg 840w, https:\/\/warakteknic.com\/wp-content\/uploads\/2021\/02\/almidones-warak_-1-315x177.jpg 315w\" \/>\t\t\t\t\t\t\t\n<h3>\n\tModificados\n\t<\/h3>\n\t<p>Os amidos modificados da C&amp;D cobrem a faixa intermedi\u00e1ria entre as prepara\u00e7\u00f5es de amido nativo e os amidos especiais, tanto em desempenho quanto em custo.<\/p>\n<p>Na d\u00favida sobre o tipo de amido mais adequado para suas instala\u00e7\u00f5es, entre em contato com nossa equipe t\u00e9cnica para fazer uma visita pr\u00e9via e um posterior teste piloto.<\/p>\n\n<\/div><!-- .vgblk-rw-wrapper -->","protected":false},"excerpt":{"rendered":"<p>Amidos Desde 2001, nossa empresa representa o fabricante e l\u00edder mundial em amidos especiais CRESPEL &amp; DEITERS. Na C&amp;D, temos uma ampla gama de amidos especiais para atender \u00e0s necessidades de produtividade de onduladeiras de alto desempenho. Especiais Embora a C&amp;D seja uma f\u00e1brica preparada para fabricar qualquer tipo de amido, o crescimento da demanda&#8230;<\/p>\n","protected":false},"author":1,"featured_media":0,"parent":0,"menu_order":0,"comment_status":"closed","ping_status":"closed","template":"","meta":{"inline_featured_image":false,"footnotes":""},"_links":{"self":[{"href":"https:\/\/warakteknic.com\/pt-pt\/wp-json\/wp\/v2\/pages\/20620"}],"collection":[{"href":"https:\/\/warakteknic.com\/pt-pt\/wp-json\/wp\/v2\/pages"}],"about":[{"href":"https:\/\/warakteknic.com\/pt-pt\/wp-json\/wp\/v2\/types\/page"}],"author":[{"embeddable":true,"href":"https:\/\/warakteknic.com\/pt-pt\/wp-json\/wp\/v2\/users\/1"}],"replies":[{"embeddable":true,"href":"https:\/\/warakteknic.com\/pt-pt\/wp-json\/wp\/v2\/comments?post=20620"}],"version-history":[{"count":2,"href":"https:\/\/warakteknic.com\/pt-pt\/wp-json\/wp\/v2\/pages\/20620\/revisions"}],"predecessor-version":[{"id":23918,"href":"https:\/\/warakteknic.com\/pt-pt\/wp-json\/wp\/v2\/pages\/20620\/revisions\/23918"}],"wp:attachment":[{"href":"https:\/\/warakteknic.com\/pt-pt\/wp-json\/wp\/v2\/media?parent=20620"}],"curies":[{"name":"wp","href":"https:\/\/api.w.org\/{rel}","templated":true}]}}